{"id":56967,"date":"2019-10-01T18:00:22","date_gmt":"2019-10-01T16:00:22","guid":{"rendered":"https:\/\/ertek.p1.zrh01.swissbix.com\/?page_id=56967"},"modified":"2019-10-01T18:03:02","modified_gmt":"2019-10-01T16:03:02","slug":"punte-a-cannone","status":"publish","type":"page","link":"https:\/\/ertek.it\/?page_id=56967","title":{"rendered":"PUNTE A CANNONE"},"content":{"rendered":"<section class=\"wpb-content-wrapper\"><p>[vc_row row_height_percent=&#8221;50&#8243; override_padding=&#8221;yes&#8221; h_padding=&#8221;2&#8243; top_padding=&#8221;3&#8243; bottom_padding=&#8221;3&#8243; back_image=&#8221;56972&#8243; back_position=&#8221;center top&#8221; overlay_alpha=&#8221;75&#8243; gutter_size=&#8221;3&#8243; column_width_percent=&#8221;100&#8243; border_color=&#8221;color-145914&#8243; border_style=&#8221;solid&#8221; shift_y=&#8221;0&#8243; z_index=&#8221;0&#8243; css=&#8221;.vc_custom_1569945780329{border-bottom-width: 1px !important;}&#8221; shape_dividers=&#8221;&#8221;][vc_column column_width_percent=&#8221;100&#8243; position_vertical=&#8221;bottom&#8221; style=&#8221;dark&#8221; overlay_alpha=&#8221;50&#8243; gutter_size=&#8221;3&#8243; medium_width=&#8221;0&#8243; shift_x=&#8221;0&#8243; shift_y=&#8221;0&#8243; zoom_width=&#8221;0&#8243; zoom_height=&#8221;0&#8243; width=&#8221;1\/1&#8243;][vc_custom_heading heading_semantic=&#8221;h1&#8243; text_size=&#8221;&#8221; text_font=&#8221;font-762333&#8243; text_weight=&#8221;700&#8243; text_color=&#8221;color-147560&#8243; sub_reduced=&#8221;yes&#8221;]Punte a cannone<br \/>\nmonotaglienti.[\/vc_custom_heading][\/vc_column][\/vc_row][vc_row row_height_percent=&#8221;0&#8243; override_padding=&#8221;yes&#8221; h_padding=&#8221;2&#8243; top_padding=&#8221;3&#8243; bottom_padding=&#8221;3&#8243; overlay_color=&#8221;color-xsdn&#8221; overlay_alpha=&#8221;70&#8243; gutter_size=&#8221;100&#8243; border_style=&#8221;solid&#8221; shift_y=&#8221;0&#8243; style=&#8221;inherited&#8221; row_name=&#8221;Welcome&#8221;][vc_column column_width_percent=&#8221;100&#8243; overlay_alpha=&#8221;50&#8243; gutter_size=&#8221;1&#8243; medium_width=&#8221;0&#8243; shift_x=&#8221;0&#8243; shift_y=&#8221;0&#8243; z_index=&#8221;0&#8243; width=&#8221;1\/4&#8243;][vc_custom_heading text_size=&#8221;h3&#8243; text_font=&#8221;font-762333&#8243; text_weight=&#8221;500&#8243; text_transform=&#8221;capitalize&#8221; text_color=&#8221;color-rgdb&#8221; sub_reduced=&#8221;yes&#8221; text_align=&#8221;text-left&#8221; text_uppercase=&#8221;&#8221; subheading=&#8221;PUNTE A CANNONE MONOTAGLIENTI<br \/>\n\u00d8 Dt: 2,50-32,00mm \u2022H9 \u2022Ra=0,4-1,6\u03bcm&#8221;]EK-<span style=\"color: #1e3368;\"><strong>PCM<\/strong><\/span>[\/vc_custom_heading][vc_empty_space empty_h=&#8221;1&#8243;][vc_single_image media=&#8221;56968&#8243; media_lightbox=&#8221;yes&#8221; media_width_percent=&#8221;100&#8243;][\/vc_column][vc_column column_width_percent=&#8221;100&#8243; overlay_alpha=&#8221;50&#8243; gutter_size=&#8221;3&#8243; medium_width=&#8221;0&#8243; shift_x=&#8221;0&#8243; shift_y=&#8221;0&#8243; zoom_width=&#8221;0&#8243; zoom_height=&#8221;0&#8243; width=&#8221;3\/4&#8243;][vc_row_inner][vc_column_inner width=&#8221;1\/1&#8243;][vc_column_text]<strong>CARATTERISTICHE<br \/>\n<\/strong><br \/>\nLe punte a cannone sono composte da una cuspide in metallo duro, un tubo profilato in acciaio e un attacco per il fissaggio al mandrino.<\/p>\n<p><strong>VANTAGGI<\/strong><\/p>\n<ul>\n<li>Elevata rettilineit\u00e0 e concentricit\u00e0 dei fori<\/li>\n<li>Buon controllo delle tolleranze<\/li>\n<li>Ottima qualit\u00e0 superficiale (rugosit\u00e0 da Ra 0,4\u00b5m a 1,6\u00b5m)<\/li>\n<li>Possibilit\u00e0 di evitare successive operazioni di alesatura del foro<\/li>\n<\/ul>\n<p><strong>L\u2019ATTACCO<\/strong><\/p>\n<p>L\u2019attacco della punta varia a seconda delle specifiche esigenze del cliente e della macchina usata. Il programma delle punte standard prevede un attacco cilindrico (cod. &#8216;SD00&#8217;) \u00d825x50mm su punte di lunghezza inferiore o uguale a 1000mm e un attacco cilindrico (cod. &#8216;CS00&#8217;) \u00d825x70mm su punte di lunghezza superiore a 1000mm. In ogni caso \u00e8 possibile richiedere la sostituzione dell\u2019attacco al momento dell\u2019ordine, o chiedere una punta senza attacco per poterla utilizzare con una pinza ER bloccandola direttamente sullo stelo.<\/p>\n<p><strong>LO STELO<\/strong><\/p>\n<p>Lo stelo della punta \u00e8 un tubo di acciaio sul quale viene profilata una gola a forma di &#8220;V&#8221;. Le sue caratteristiche meccaniche di resistenza alla torsione, un foro della giusta dimensione da garantire il corretto flusso di refrigerante e la gola a &#8220;V&#8221; per l\u2019evacuazione del truciolo lo rendono adatto allo scopo della foratura profonda.<\/p>\n<p><strong>LA CUSPIDE<\/strong><\/p>\n<p>La cuspide della punta, in metallo duro integrale, presenta una leggera conicit\u00e0 che si estende lungo tutta la sua lunghezza, il cui angolo pu\u00f2 variare a seconda del materiale da lavorare ed \u00e8 necessaria al fine di ridurre al minimo il rischio di grippaggio.<br \/>\nA causa della caratteristica conicit\u00e0 longitudinale, dopo varie riaffilature il diametro della punta diminuisce comportando la perdita di tolleranza della stessa.<br \/>\nIn casi specifici, la cuspide pu\u00f2 essere rivestita con TiN, TiCN, TiAlN o altri materiali al fine di prolungarne durata ed efficienza.[\/vc_column_text][vc_empty_space empty_h=&#8221;2&#8243;][\/vc_column_inner][\/vc_row_inner][\/vc_column][\/vc_row][vc_row row_height_percent=&#8221;0&#8243; override_padding=&#8221;yes&#8221; h_padding=&#8221;2&#8243; top_padding=&#8221;3&#8243; bottom_padding=&#8221;3&#8243; overlay_color=&#8221;color-xsdn&#8221; overlay_alpha=&#8221;70&#8243; gutter_size=&#8221;100&#8243; column_width_percent=&#8221;100&#8243; border_color=&#8221;color-388089&#8243; border_style=&#8221;solid&#8221; shift_y=&#8221;0&#8243; z_index=&#8221;0&#8243; style=&#8221;inherited&#8221; row_name=&#8221;Welcome&#8221;][vc_column column_width_percent=&#8221;100&#8243; align_horizontal=&#8221;align_center&#8221; overlay_alpha=&#8221;50&#8243; gutter_size=&#8221;1&#8243; medium_width=&#8221;0&#8243; mobile_width=&#8221;0&#8243; shift_x=&#8221;0&#8243; shift_y=&#8221;0&#8243; shift_y_down=&#8221;0&#8243; z_index=&#8221;0&#8243; width=&#8221;1\/1&#8243;][vc_button border_width=&#8221;0&#8243; link=&#8221;url:https%3A%2F%2Fertek.it%2Fcontatti%2F|title:Contatti|target:%20_blank|&#8221;]CONTATTACI PER RICEVERE IL CATALOGO[\/vc_button][\/vc_column][\/vc_row][vc_row row_height_percent=&#8221;40&#8243; back_image=&#8221;56877&#8243; overlay_alpha=&#8221;50&#8243; gutter_size=&#8221;3&#8243; column_width_percent=&#8221;100&#8243; shift_y=&#8221;0&#8243; z_index=&#8221;0&#8243;][vc_column column_width_percent=&#8221;100&#8243; align_horizontal=&#8221;align_center&#8221; overlay_alpha=&#8221;50&#8243; gutter_size=&#8221;3&#8243; medium_width=&#8221;0&#8243; mobile_width=&#8221;0&#8243; shift_x=&#8221;0&#8243; shift_y=&#8221;0&#8243; shift_y_down=&#8221;0&#8243; z_index=&#8221;0&#8243; width=&#8221;1\/1&#8243;][\/vc_column][\/vc_row]<\/p>\n<\/section>","protected":false},"excerpt":{"rendered":"<p>[vc_row row_height_percent=&#8221;50&#8243; override_padding=&#8221;yes&#8221; h_padding=&#8221;2&#8243; top_padding=&#8221;3&#8243; bottom_padding=&#8221;3&#8243; back_image=&#8221;56972&#8243; back_position=&#8221;center top&#8221; overlay_alpha=&#8221;75&#8243; gutter_size=&#8221;3&#8243; column_width_percent=&#8221;100&#8243; border_color=&#8221;color-145914&#8243; border_style=&#8221;solid&#8221; shift_y=&#8221;0&#8243; z_index=&#8221;0&#8243; css=&#8221;.vc_custom_1569945780329{border-bottom-width: 1px !important;}&#8221; shape_dividers=&#8221;&#8221;][vc_column [&hellip;]<\/p>\n","protected":false},"author":1,"featured_media":0,"parent":0,"menu_order":0,"comment_status":"closed","ping_status":"closed","template":"","meta":{"_mi_skip_tracking":false,"_exactmetrics_sitenote_active":false,"_exactmetrics_sitenote_note":"","_exactmetrics_sitenote_category":0,"footnotes":""},"_links":{"self":[{"href":"https:\/\/ertek.it\/index.php?rest_route=\/wp\/v2\/pages\/56967"}],"collection":[{"href":"https:\/\/ertek.it\/index.php?rest_route=\/wp\/v2\/pages"}],"about":[{"href":"https:\/\/ertek.it\/index.php?rest_route=\/wp\/v2\/types\/page"}],"author":[{"embeddable":true,"href":"https:\/\/ertek.it\/index.php?rest_route=\/wp\/v2\/users\/1"}],"replies":[{"embeddable":true,"href":"https:\/\/ertek.it\/index.php?rest_route=%2Fwp%2Fv2%2Fcomments&post=56967"}],"version-history":[{"count":2,"href":"https:\/\/ertek.it\/index.php?rest_route=\/wp\/v2\/pages\/56967\/revisions"}],"predecessor-version":[{"id":56973,"href":"https:\/\/ertek.it\/index.php?rest_route=\/wp\/v2\/pages\/56967\/revisions\/56973"}],"wp:attachment":[{"href":"https:\/\/ertek.it\/index.php?rest_route=%2Fwp%2Fv2%2Fmedia&parent=56967"}],"curies":[{"name":"wp","href":"https:\/\/api.w.org\/{rel}","templated":true}]}}