{"id":56831,"date":"2019-09-20T15:16:59","date_gmt":"2019-09-20T13:16:59","guid":{"rendered":"https:\/\/ertek.p1.zrh01.swissbix.com\/?page_id=56831"},"modified":"2019-10-01T18:05:13","modified_gmt":"2019-10-01T16:05:13","slug":"foratura-profonda","status":"publish","type":"page","link":"https:\/\/ertek.it\/?page_id=56831","title":{"rendered":"Foratura profonda"},"content":{"rendered":"<section class=\"wpb-content-wrapper\"><p>[vc_row row_height_percent=&#8221;50&#8243; override_padding=&#8221;yes&#8221; h_padding=&#8221;2&#8243; top_padding=&#8221;3&#8243; bottom_padding=&#8221;3&#8243; back_color=&#8221;color-540491&#8243; back_image=&#8221;56974&#8243; back_position=&#8221;center top&#8221; overlay_color=&#8221;accent&#8221; overlay_alpha=&#8221;75&#8243; gutter_size=&#8221;3&#8243; column_width_percent=&#8221;100&#8243; shift_y=&#8221;0&#8243; z_index=&#8221;0&#8243; shape_dividers=&#8221;&#8221;][vc_column column_width_percent=&#8221;100&#8243; position_vertical=&#8221;bottom&#8221; style=&#8221;dark&#8221; overlay_alpha=&#8221;50&#8243; gutter_size=&#8221;3&#8243; medium_width=&#8221;0&#8243; shift_x=&#8221;0&#8243; shift_y=&#8221;0&#8243; zoom_width=&#8221;0&#8243; zoom_height=&#8221;0&#8243; width=&#8221;1\/1&#8243;][vc_custom_heading heading_semantic=&#8221;h1&#8243; text_size=&#8221;&#8221; text_font=&#8221;font-762333&#8243; text_weight=&#8221;700&#8243; sub_reduced=&#8221;yes&#8221;]La Foratura<br \/>\nProfonda[\/vc_custom_heading][\/vc_column][\/vc_row][vc_row row_height_percent=&#8221;0&#8243; override_padding=&#8221;yes&#8221; h_padding=&#8221;2&#8243; top_padding=&#8221;3&#8243; bottom_padding=&#8221;3&#8243; overlay_color=&#8221;color-xsdn&#8221; overlay_alpha=&#8221;70&#8243; gutter_size=&#8221;100&#8243; border_color=&#8221;color-gyho&#8221; border_style=&#8221;solid&#8221; shift_y=&#8221;0&#8243; style=&#8221;inherited&#8221; row_name=&#8221;Welcome&#8221; css=&#8221;.vc_custom_1438176136018{border-bottom-width: 1px !important;}&#8221;][vc_column column_width_percent=&#8221;100&#8243; overlay_alpha=&#8221;50&#8243; gutter_size=&#8221;1&#8243; medium_width=&#8221;0&#8243; shift_x=&#8221;0&#8243; shift_y=&#8221;0&#8243; z_index=&#8221;0&#8243; width=&#8221;1\/4&#8243;][vc_custom_heading text_size=&#8221;h5&#8243; text_font=&#8221;font-762333&#8243; text_weight=&#8221;500&#8243; text_transform=&#8221;capitalize&#8221; text_color=&#8221;accent&#8221; text_align=&#8221;text-left&#8221; text_uppercase=&#8221;&#8221;]ELEVATI VOLUMI DI ASPORTAZIONE TRUCIOLO CON ELEVATA PRECISIONE[\/vc_custom_heading][\/vc_column][vc_column column_width_percent=&#8221;100&#8243; overlay_alpha=&#8221;50&#8243; gutter_size=&#8221;3&#8243; medium_width=&#8221;0&#8243; shift_x=&#8221;0&#8243; shift_y=&#8221;0&#8243; zoom_width=&#8221;0&#8243; zoom_height=&#8221;0&#8243; width=&#8221;3\/4&#8243;][vc_row_inner][vc_column_inner width=&#8221;1\/2&#8243;][vc_column_text]La foratura profonda \u00e8 la lavorazione di fori con rapporto tra profondit\u00e0 e diametro relativamente grande. Considerando che le normali tecniche di foratura producono fori la cui profondit\u00e0 \u00e8 raramente superiore a pi\u00f9 di cinque volte il diametro (5 xD), nella foratura profonda il rapporto pu\u00f2 raggiungere fino a 150:1. Pertanto, qualsiasi foro con una profondit\u00e0 maggiore di dieci volte il diametro (10 xD), dovrebbe essere considerato un foro profondo, che richiede una metodologia di foratura specifica.<br \/>\nLa foratura profonda pu\u00f2 utilizzare vari piazzamenti macchina: pezzo rotante, utensile rotante, oppure sia utensile che pezzo rotanti. Il pi\u00f9 comune, comunque, \u00e8 il pezzo rotante, con avanzamento lineare dell\u2019utensile.[\/vc_column_text][\/vc_column_inner][vc_column_inner width=&#8221;1\/2&#8243;][vc_column_text]Qualunque piazzamento venga usato, vengono ancora applicati i principi fondamentali della foratura, anche se la scelta corretta delle velocit\u00e0 di taglio e degli avanzamenti rimane ancora cruciale.<br \/>\nQuesto perch\u00e9 \u00e8 essenziale ottenere un buon controllo truciolo ed una soddisfacente evacuazione dei trucioli dai taglienti, senza danneggiare il pezzo o l\u2019utensile.<br \/>\nLa foratura con punte a cannone \u00e8 in grado di produrre fori pi\u00f9 piccoli del Sistema a Tubo Singolo (STS), ma il sistema STS \u00e8 di gran lunga molto pi\u00f9 produttivo (circa 4-6 volte in pi\u00f9) e, quindi, dovrebbe essere considerato sempre scelta prioritaria, ogni qualvolta \u00e8 possibile. Il sistema Ejector rappresenta un\u2019alternativa al sistema STS nell\u2019esecuzione di quantit\u00e0 di lotti pi\u00f9 piccole, in quanto non richiede una macchina particolare.[\/vc_column_text][\/vc_column_inner][\/vc_row_inner][\/vc_column][\/vc_row][vc_row row_height_percent=&#8221;0&#8243; override_padding=&#8221;yes&#8221; h_padding=&#8221;2&#8243; top_padding=&#8221;3&#8243; bottom_padding=&#8221;3&#8243; overlay_color=&#8221;color-xsdn&#8221; overlay_alpha=&#8221;70&#8243; gutter_size=&#8221;100&#8243; border_color=&#8221;color-gyho&#8221; border_style=&#8221;solid&#8221; shift_y=&#8221;0&#8243; style=&#8221;inherited&#8221; row_name=&#8221;Welcome&#8221; css=&#8221;.vc_custom_1438176136018{border-bottom-width: 1px !important;}&#8221;][vc_column column_width_percent=&#8221;100&#8243; overlay_alpha=&#8221;50&#8243; gutter_size=&#8221;1&#8243; medium_width=&#8221;0&#8243; shift_x=&#8221;0&#8243; shift_y=&#8221;0&#8243; z_index=&#8221;0&#8243; width=&#8221;1\/4&#8243;][vc_custom_heading text_size=&#8221;h5&#8243; text_font=&#8221;font-762333&#8243; text_weight=&#8221;500&#8243; text_transform=&#8221;capitalize&#8221; text_color=&#8221;accent&#8221; text_align=&#8221;text-left&#8221; text_uppercase=&#8221;&#8221;]DIVERSI SISTEMI DI FORATURA PROFONDA[\/vc_custom_heading][\/vc_column][vc_column column_width_percent=&#8221;100&#8243; overlay_alpha=&#8221;50&#8243; gutter_size=&#8221;3&#8243; medium_width=&#8221;0&#8243; shift_x=&#8221;0&#8243; shift_y=&#8221;0&#8243; zoom_width=&#8221;0&#8243; zoom_height=&#8221;0&#8243; width=&#8221;3\/4&#8243;][vc_row_inner][vc_column_inner width=&#8221;1\/1&#8243;][vc_column_text]Nella foratura profonda, viene usata una combinazione di configurazione dell\u2019utensile e pressione del fluido da taglio, per evacuare i trucioli fuori dal foro. A tale scopo, sono disponibili due diversi sistemi di foratura.<br \/>\nTutti e due i sistemi possono produrre fori con eccellente finitura superficiale, tolleranze dimensionali strette e minimi errori di concentricit\u00e0.[\/vc_column_text][\/vc_column_inner][\/vc_row_inner][\/vc_column][\/vc_row][vc_row row_height_percent=&#8221;0&#8243; override_padding=&#8221;yes&#8221; h_padding=&#8221;2&#8243; top_padding=&#8221;3&#8243; bottom_padding=&#8221;3&#8243; overlay_color=&#8221;color-xsdn&#8221; overlay_alpha=&#8221;70&#8243; gutter_size=&#8221;100&#8243; border_color=&#8221;color-gyho&#8221; border_style=&#8221;solid&#8221; shift_y=&#8221;0&#8243; style=&#8221;inherited&#8221; row_name=&#8221;Welcome&#8221; css=&#8221;.vc_custom_1438176136018{border-bottom-width: 1px !important;}&#8221;][vc_column column_width_percent=&#8221;100&#8243; overlay_alpha=&#8221;50&#8243; gutter_size=&#8221;1&#8243; medium_width=&#8221;0&#8243; shift_x=&#8221;0&#8243; shift_y=&#8221;0&#8243; z_index=&#8221;0&#8243; width=&#8221;1\/4&#8243;][vc_custom_heading text_size=&#8221;h5&#8243; text_font=&#8221;font-762333&#8243; text_weight=&#8221;500&#8243; text_transform=&#8221;capitalize&#8221; text_color=&#8221;accent&#8221; text_align=&#8221;text-left&#8221; text_uppercase=&#8221;&#8221;]DIVERSI SISTEMI DI FORATURA PROFONDA[\/vc_custom_heading][vc_custom_heading text_size=&#8221;h4&#8243; text_font=&#8221;font-762333&#8243; text_weight=&#8221;500&#8243; text_align=&#8221;text-left&#8221; text_uppercase=&#8221;&#8221;]Sistema a Tubo Singolo (STS)[\/vc_custom_heading][\/vc_column][vc_column column_width_percent=&#8221;100&#8243; overlay_alpha=&#8221;50&#8243; gutter_size=&#8221;3&#8243; medium_width=&#8221;0&#8243; shift_x=&#8221;0&#8243; shift_y=&#8221;0&#8243; zoom_width=&#8221;0&#8243; zoom_height=&#8221;0&#8243; width=&#8221;3\/4&#8243;][vc_row_inner][vc_column_inner width=&#8221;1\/2&#8243;][vc_column_text]Pompe ad alta pressione immettono il fluido da taglio all\u2019esterno del tubo portapunta, tra la punta ed il foro eseguito. Il codolo della punta \u00e8 forato e la pressione del fluido spinge i trucioli nel corpo della punta, attraverso gli spazi nella testa, i quali, ritornati all\u2019esterno, vengono evacuati attraverso il tubo portapunta.[\/vc_column_text][\/vc_column_inner][vc_column_inner width=&#8221;1\/2&#8243;][vc_column_text]L\u2019elevata pressione del fluido da taglio rende il sistema STS pi\u00f9 affidabile del sistema Ejector, in particolare quando i materiali da fori hanno una scarsa formazione di truciolo, come gli acciai inossidabili e gli acciai a basso tenore di carbonio.<br \/>\nIl sistema STS costituisce sempre scelta prioritaria per la produzione di lunghe serie.[\/vc_column_text][\/vc_column_inner][\/vc_row_inner][\/vc_column][\/vc_row][vc_row row_height_percent=&#8221;0&#8243; override_padding=&#8221;yes&#8221; h_padding=&#8221;2&#8243; top_padding=&#8221;3&#8243; bottom_padding=&#8221;3&#8243; overlay_color=&#8221;color-xsdn&#8221; overlay_alpha=&#8221;70&#8243; gutter_size=&#8221;100&#8243; border_style=&#8221;solid&#8221; shift_y=&#8221;0&#8243; style=&#8221;inherited&#8221; row_name=&#8221;Welcome&#8221;][vc_column column_width_percent=&#8221;100&#8243; overlay_alpha=&#8221;50&#8243; gutter_size=&#8221;1&#8243; medium_width=&#8221;0&#8243; shift_x=&#8221;0&#8243; shift_y=&#8221;0&#8243; z_index=&#8221;0&#8243; width=&#8221;1\/4&#8243;][vc_custom_heading text_size=&#8221;h5&#8243; text_font=&#8221;font-762333&#8243; text_weight=&#8221;500&#8243; text_transform=&#8221;capitalize&#8221; text_color=&#8221;accent&#8221; text_align=&#8221;text-left&#8221; text_uppercase=&#8221;&#8221;]DIVERSI SISTEMI DI FORATURA PROFONDA[\/vc_custom_heading][vc_custom_heading text_size=&#8221;h4&#8243; text_font=&#8221;font-762333&#8243; text_weight=&#8221;500&#8243; text_align=&#8221;text-left&#8221; text_uppercase=&#8221;&#8221;]Sistema Ejector[\/vc_custom_heading][\/vc_column][vc_column column_width_percent=&#8221;100&#8243; overlay_alpha=&#8221;50&#8243; gutter_size=&#8221;3&#8243; medium_width=&#8221;0&#8243; shift_x=&#8221;0&#8243; shift_y=&#8221;0&#8243; zoom_width=&#8221;0&#8243; zoom_height=&#8221;0&#8243; width=&#8221;3\/4&#8243;][vc_row_inner][vc_column_inner width=&#8221;1\/1&#8243;][vc_column_text]Questo sistema \u00e8 simile al sistema STS, ad eccezione della punta che \u00e8 collegata ad un tubo interno ed esterno.<br \/>\nIl fluido da taglio viene immesso nella punta tra i due tubi, cio\u00e8 interamente nel corpo della punta piuttosto che all\u2019esterno. I trucioli vengono \u201crisucchiati\u201d assieme al fluido ed evacuati attraverso il tubo interno.<br \/>\nQuesto sistema \u201cautonomo\u201d richiede meno pressione di fluido del sistema STS e pu\u00f2 essere normalmente installato su macchine utensili tradizionali, senza alcuna esigenza di modifica.[\/vc_column_text][\/vc_column_inner][\/vc_row_inner][\/vc_column][\/vc_row]<\/p>\n<\/section>","protected":false},"excerpt":{"rendered":"<p>[vc_row row_height_percent=&#8221;50&#8243; override_padding=&#8221;yes&#8221; h_padding=&#8221;2&#8243; top_padding=&#8221;3&#8243; bottom_padding=&#8221;3&#8243; back_color=&#8221;color-540491&#8243; back_image=&#8221;56974&#8243; back_position=&#8221;center top&#8221; overlay_color=&#8221;accent&#8221; overlay_alpha=&#8221;75&#8243; gutter_size=&#8221;3&#8243; column_width_percent=&#8221;100&#8243; shift_y=&#8221;0&#8243; z_index=&#8221;0&#8243; shape_dividers=&#8221;&#8221;][vc_column column_width_percent=&#8221;100&#8243; position_vertical=&#8221;bottom&#8221; style=&#8221;dark&#8221; [&hellip;]<\/p>\n","protected":false},"author":1,"featured_media":0,"parent":0,"menu_order":0,"comment_status":"closed","ping_status":"closed","template":"","meta":{"_mi_skip_tracking":false,"_exactmetrics_sitenote_active":false,"_exactmetrics_sitenote_note":"","_exactmetrics_sitenote_category":0,"footnotes":""},"_links":{"self":[{"href":"https:\/\/ertek.it\/index.php?rest_route=\/wp\/v2\/pages\/56831"}],"collection":[{"href":"https:\/\/ertek.it\/index.php?rest_route=\/wp\/v2\/pages"}],"about":[{"href":"https:\/\/ertek.it\/index.php?rest_route=\/wp\/v2\/types\/page"}],"author":[{"embeddable":true,"href":"https:\/\/ertek.it\/index.php?rest_route=\/wp\/v2\/users\/1"}],"replies":[{"embeddable":true,"href":"https:\/\/ertek.it\/index.php?rest_route=%2Fwp%2Fv2%2Fcomments&post=56831"}],"version-history":[{"count":6,"href":"https:\/\/ertek.it\/index.php?rest_route=\/wp\/v2\/pages\/56831\/revisions"}],"predecessor-version":[{"id":56975,"href":"https:\/\/ertek.it\/index.php?rest_route=\/wp\/v2\/pages\/56831\/revisions\/56975"}],"wp:attachment":[{"href":"https:\/\/ertek.it\/index.php?rest_route=%2Fwp%2Fv2%2Fmedia&parent=56831"}],"curies":[{"name":"wp","href":"https:\/\/api.w.org\/{rel}","templated":true}]}}