{"id":56800,"date":"2018-06-15T12:33:20","date_gmt":"2018-06-15T10:33:20","guid":{"rendered":"https:\/\/ertek.p1.zrh01.swissbix.com\/?page_id=56800"},"modified":"2018-06-15T12:33:20","modified_gmt":"2018-06-15T10:33:20","slug":"privacy-policy","status":"publish","type":"page","link":"https:\/\/ertek.it\/?page_id=56800","title":{"rendered":"Privacy Policy"},"content":{"rendered":"<p><b>Informativa Privacy ai sensi del D.lgs 196\/2003 e dell\u2019art. 13 del<span class=\"Apple-converted-space\">\u00a0\u00a0<\/span>Reg.<span class=\"Apple-converted-space\">\u00a0\u00a0<\/span>Europeo 679\/2016 (GDPR)<\/b><\/p>\n<p><b>Ertek Srl,<\/b>\u00a0con sede in 20020 Lainate (MI) &#8211; Via G. Alessi 18, La informa che, in ottemperanza al D.lgs 196\/2003 e al Regolamento Europeo 679\/2016 (cd. GDPR) che disciplina e regolamenta la tutela dei dati personali e la loro libera circolazione, i Suoi dati personali saranno trattati in conformit\u00e0 all\u2019anzidetta normativa, improntandosi ai principi di correttezza, liceit\u00e0, proporzionalit\u00e0 di interessi e trasparenza nonch\u00e9 alla tutela della Sua riservatezza e dei Suoi diritti, per i fini, con le modalit\u00e0 e per i termini di seguito meglio indicati.<\/p>\n<p><b>-1- Finalit\u00e0, modalit\u00e0 e basi giuridiche del trattamento dei dati<\/b><\/p>\n<p>I Suoi dati personali saranno trattati esclusivamente per finalit\u00e0 strettamente connesse, strumentali e necessarie all\u2019adempimento delle obbligazioni inerenti ai rapporti con la nostra Societ\u00e0; in particolare:<\/p>\n<p>\u2013 Il trattamento dei dati personali \u00e8 realizzato per mezzo delle operazioni indicate nel D.lgs 196\/2003 e all\u2019art. 4 n. 2) GDPR e precisamente: raccolta, registrazione, organizzazione, conservazione, consultazione, elaborazione, modificazione, selezione, estrazione, raffronto, utilizzo, interconnessione, blocco, comunicazione, cancellazione e distruzione.<\/p>\n<p>\u2013 Il trattamento dei dati personali sar\u00e0 effettuato tramite supporti cartacei e\/o informatici dal titolare, dal responsabile\/dai responsabili e dai soggetti autorizzati (incaricati) con l\u2019osservanza di ogni misura cautelativa, che ne garantisca la sicurezza e riservatezza. I dati non saranno oggetto di profilazione n\u00e9 oggetto di processi decisionali automatizzati.<\/p>\n<p>\u2013 I dati saranno conservati presso il titolare dei dati e presso i responsabili al trattamento dei dati da esso designati. In ogni caso, i suoi dati personali saranno conservati e trattati all\u2019interno dei confini dello spazio economico europeo. L\u2019accettazione esplicita della presente informativa mediante sottoscrizione cartacea, accettazione informatica (opt-in) effettuata online, al sito www.ertek.it o mail <a href=\"https:\/\/ertek.it\/contatti\/info@ertek.it\">info@ertek.it<\/a>\u00a0, l\u2019adempimento degli obblighi contrattuali reciproci e delle altre condizioni previste dall\u2019Art. 6 del Regolamento Europeo 679\/2016, costituisce la legittimazione giuridica per il trattamento dei dati personali.<\/p>\n<p><b>-2- Cookies<\/b><\/p>\n<p>\u2022\u00a0Informazioni generali sui cookie<br \/>\nI cookie sono brevi frammenti di testo (lettere e\/o numeri) che permettono al server web di memorizzare sul client (il browser) informazioni da riutilizzare nel corso della medesima visita al sito (cookie di\u00a0sessione) o in seguito, anche a distanza di giorni (cookie persistenti). I cookie vengono memorizzati, in base alle preferenze dell\u2019utente, dal singolo browser sullo specifico dispositivo utilizzato (computer, tablet,\u00a0smartphone). Inoltre, ogni sito pu\u00f2 consentire la trasmissione dei cookie di \u201cterze parti\u201d, cio\u00e8 quelli generati da siti internet diversi da quello che l\u2019utente sta visitando (attraverso oggetti in esso presenti quali\u00a0banner, immagini, mappe, suoni, specifici link a pagine web di altri domini). I cookie hanno diverse finalit\u00e0. Sono in primo luogo utilizzati per la trasmissione della comunicazione o per fornire il servizio richiesto\u00a0dall\u2019utente; pi\u00f9 precisamente permettono di abilitare ed ottimizzare il funzionamento del sito internet, eseguire autenticazioni informatiche e prevenire abusi, monitorare le sessioni, migliorare l\u2019esperienza di\u00a0navigazione degli utenti, ad esempio mantenendo attiva la connessione ad aree riservate durante la navigazione attraverso le pagine del sito senza la necessita di reinserire User-Id e password e memorizzando\u00a0informazioni specifiche riguardanti gli utenti stessi (tra cui le preferenze, il tipo di browser e di computer usato).<br \/>\nI suddetti cookie sono detti \u201ctecnici\u201d (per il loro utilizzo non \u00e8 necessario il consenso dell\u2019utente), in\u00a0quanto senza di essi alcune delle citate operazioni non potrebbero essere compiute o sarebbero pi\u00f9 complesse e\/o meno sicure.<br \/>\nDiversamente, se i cookie sono utilizzati per ulteriori finalit\u00e0, tipicamente per\u00a0analisi del comportamento ed invio di messaggi promo-pubblicitari personalizzati (cookie di \u201cprofilazione\u201d) o anche solo per ottenere, per il tramite di servizi resi da terze parti, informazioni in forma aggregata sul\u00a0numero degli utenti e su come questi visitano il sito (\u201canalytics cookie\u201d), \u00e8 necessario il consenso dell\u2019utente. Infatti, prima dell\u2019invio di questi cookie sul terminale, ai sensi della normativa vigente (Regolamento\u00a0Europeo Privacy UE \u2013 GDPR 2016\/79 \u2013 Codice privacy e provvedimento generale del Garante dell\u20198 maggio 2014), al momento in cui si accede alla home page o altra pagina del sito, \u00e8 immediatamente\u00a0mostrato in primo piano un banner con una prima informativa sintetica sull\u2019uso dei cookie e sulla raccolta del consenso, che l\u2019utente pu\u00f2 prestare proseguendo la navigazione tramite la selezione di un elemento\u00a0sottostante al banner o chiudendo il banner stesso.<br \/>\nIn ogni caso, i cookie possono essere letti o modificati solo dal sito internet che li ha generati; non possono essere utilizzati per richiamare nessun dato dal\u00a0terminale dell\u2019utente e non possono trasmettere virus informatici.<br \/>\nAlcune delle funzioni dei cookie possono essere svolte anche da altre tecnologie; pertanto, nel contesto della presente web privacy policy, con il\u00a0termine \u201ccookie\u201d si vuol far riferimento ai cookie ed a tutte le tecnologie similari.<\/p>\n<p>\u2022\u00a0Utilizzo dei cookie in questo Sito<br \/>\nQuesto Sito pu\u00f2 utilizzare cookie di sessione e cookie persistenti. Le tipologie di cookie direttamente generati da questo Sito sono: cookie \u201ctecnici\u201d, utilizzati per:<br \/>\na) l\u2019autenticazione e la gestione di una sessione di navigazione (ad esempio, per identificare e validare l\u2019utente per l\u2019accesso all\u2019Area Riservata);<br \/>\nb) finalit\u00e0 di sicurezza (es. per tener conto del numero di login falliti identificando possibili abusi nell\u2019autenticazione e prevenendo frodi);<br \/>\nc) una migliore fruibilit\u00e0 del sito e dei suoi contenuti audio-visivi (es. tramite l\u2019esecuzione di programmi di tipo flash player);<br \/>\nd) il corretto funzionamento della connessione (es. indirizzando tra pi\u00f9 server in modo appropriato le richieste dell\u2019utente).<\/p>\n<p>\u2022\u00a0Cookie di \u201cterze parti\u201d<br \/>\nQuesto Sito consente altres\u00ec la trasmissione al terminale dell\u2019utente di cookie di terze parti. In particolare questo sito si avvale del servizio Google Analytics che istanzia cookie tecnici di tipo analytics utilizzati\u00a0per raccogliere informazioni, in forma aggregata, sul numero degli utenti e su come questi visitano il sito stesso. Tali informazioni sono utilizzate ai fini del miglioramento continuo delle funzionalit\u00e0,\u00a0dell\u2019organizzazione dei contenuti, del supporto delle diverse piattaforme e browser. .Per questi cookie, \u00e8 possibile accedere<\/p>\n<p>all\u2019informativa ed ai moduli di acquisizione del consenso delle terze parti, cliccando\u00a0sul link sotto riportato.<br \/>\n(http:\/\/www.google.com\/policies\/privacy\/).<\/p>\n<p>\u2022\u00a0Cookie di Social Network<br \/>\nQuesti cookie sono necessari per permettere al tuo account social di interagire con il nostro sito. Servono ad esempio per farti esprimere il tuo apprezzamento e per condividerlo con i tuoi amici social. I cookie\u00a0di social network non sono necessari alla navigazione. Per ulteriori informazioni sulle politiche di utilizzo dei cookie da parte dei Social Network, \u00e8 possibile consultare le rispettive privacy e cookie policy:<\/p>\n<p>\u2013\u00a0Facebook:\u00a0http:\/\/www.facebook.com\/about\/privacy\/<\/p>\n<p>\u2013\u00a0Google+:\u00a0http:\/\/www.google.com\/intl\/it\/policies\/privacy\/<\/p>\n<p>\u2013\u00a0Twitter:\u00a0http:\/\/twitter.com\/privacy<\/p>\n<p>\u2013\u00a0Instagram:\u00a0https:\/\/instagram.com\/legal\/cookies\/<\/p>\n<p>\u2013\u00a0YouTube:\u00a0https:\/\/www.youtube.com\/static?template=privacy_guidelines<\/p>\n<p>\u2022\u00a0Gestione delle scelte sui cookie<br \/>\nI cookie possono essere gestiti dall\u2019utente attraverso il proprio browser.<br \/>\nL\u2019utente pu\u00f2 gestire le proprie preferenze relative ai cookie attraverso le funzionalit\u00e0 presenti nei comuni browser (Internet Explorer, Mozilla Firefox, Google Crome, Apple Safari), che consentono di\u00a0cancellare\/rimuovere i cookie (tutti o alcuni) o di cambiare le impostazioni del browser stesso in modo bloccare l\u2019invio dei cookie o di limitarlo a siti specifici (rispetto ad altri). E\u2019 possibile conoscere le modalit\u00e0\u00a0con cui configurare le impostazione dei browser (di norma accessibili dalla barra \u201cStrumenti\u201d) andando sulle pagine web di \u201cSupporto\u201d dei fornitori dei suddetti browser (individuabili anche tramite un comune\u00a0motore di ricerca). La disabilitazione dei cookie non preclude di per s\u00e9 l\u2019utilizzo dei servizi del Sito internet; se per\u00f2 vengono cancellati\/bloccati tutti i cookie, inclusi quelli tecnici, alcune operazioni non\u00a0potrebbero essere compiute o sarebbero pi\u00f9 complesse e\/o meno sicure, come ad esempio, per l\u2019esecuzione di attivit\u00e0 all\u2019interno del Sito (i cookie consentono infatti di effettuare e mantenere l\u2019identificazione\u00a0dell\u2019utente nell\u2019ambito della sessione).<\/p>\n<p>\u2022\u00a0Come posso disabilitare i cookie e gestire le mie preferenze?<br \/>\nLa maggior parte dei browser \u00e8 configurata per accettare, controllare o eventualmente disabilitare i cookie attraverso le impostazioni. Ti ricordiamo tuttavia che disabilitare i cookie di navigazione o quelli\u00a0funzionali pu\u00f2 causare malfunzionamenti del sito e\/o limitare il servizio che offriamo.<\/p>\n<p>Qui sotto il percorso da seguire per gestire i cookie dai seguenti browser:<\/p>\n<p>\u2013 IE:\u00a0http:\/\/windows.microsoft.com\/it-it\/windows7\/block-enable-or-allow-cookies<\/p>\n<p>\u2013 Safari:\u00a0http:\/\/support.apple.com\/kb\/PH19255<\/p>\n<p>\u2013 Chrome:\u00a0https:\/\/support.google.com\/chrome\/answer\/95647?hl=it-IT&amp;hlrm=it<\/p>\n<p>\u2013 Firefox:\u00a0http:\/\/support.mozilla.org\/it-IT\/kb\/enable-and-disable-cookies-website-preferences<\/p>\n<p><b>-3- Natura della raccolta dei dati e conseguenze di un eventuale mancato conferimento<\/b><\/p>\n<p>Il consenso al conferimento dei Suoi dati personali \u00e8 obbligatorio al fine di dare esecuzione al contratto in essere ovvero alle prestazioni richieste ed adempiere agli obblighi da esso derivanti, tra cui gli adempimenti di legge. Il mancato conferimento del consenso potrebbe comportare l\u2019impossibilit\u00e0 da parte nostra di adempiere agli obblighi contrattuali ovvero alle prestazioni richieste. Il consenso all\u2019utilizzo dei suoi dati per finalit\u00e0 di marketing e\/o pubblicitarie (invio di e-mail e\/o comunicazioni con offerte pubblicitarie), \u00e8 invece facoltativo.<\/p>\n<p><b>-4- Tempistiche e termini<\/b><\/p>\n<p>Il Titolare, i responsabili e i soggetti autorizzati al trattamento (incaricati) tratteranno i dati personali per il tempo necessario ad adempiere le finalit\u00e0 di cui sopra e, comunque, per non pi\u00f9 di 10 anni dalla cessazione del rapporto ove previsto o reso necessario dalle normative vigenti.<\/p>\n<p><b>-5- Comunicazione e diffusione dei dati<\/b><\/p>\n<p>I Suoi dati personali, ai fini dell\u2019esecuzione del contratto e per le finalit\u00e0 sopra indicate, potranno essere comunicati:<\/p>\n<p>\u2013 a tutte le persone fisiche e giuridiche (a titolo esemplificativo e non esaustivo studi di consulenza legale, amministrativa, fiscale, societ\u00e0 di revisione, corrieri e spedizionieri, centro elaborazione dati, consulenti informatici, fornitori, clienti etc.) nei casi in cui la comunicazione risulti necessaria per le finalit\u00e0 sopra illustrate.<\/p>\n<p>ad istituti bancari per la gestione degli incassi e dei pagamenti;<\/p>\n<p>a societ\u00e0 di factoring o di recupero crediti;<\/p>\n<p>ai nostri collaboratori e dipendenti appositamente incaricati e nell\u2019ambito delle relative mansioni.<\/p>\n<p>Il D.P.O., qualora nominato dal Titolare su base obbligatoria o volontaria, nonch\u00e9 il nominativo e il numero dei responsabili possono essere soggetti a variazione, pertanto si consiglia di consultare il nostro sito<span class=\"Apple-converted-space\">\u00a0\u00a0<\/span>internet \u2013 ove potrete trovare tutte le informazioni aggiornate \u2013 o contattando i seguenti recapiti: <a href=\"https:\/\/ertek.it\/contatti\/info@ertek.it\">info@ertek.it<\/a><\/p>\n<p><b>-6- Diritti dell\u2019interessato<\/b><\/p>\n<p>Chiamando il numero\u00a0+39 02-93.73.989 o scrivendo alla mail <a href=\"https:\/\/ertek.it\/contatti\/info@ertek.it\">info@ertek.it<\/a> con oggetto privacy, in ogni momento, potr\u00e0 esercitare i Suoi diritti nei confronti del titolare del trattamento ai sensi del Regolamento Europeo 679\/2016 che per sua comodit\u00e0 e informazione di seguito riproduciamo:<\/p>\n<p>L\u2019interessato ha diritto di ottenere la conferma dell\u2019esistenza e\/o del fatto che sia o meno in corso il trattamento dei dati personali che lo riguardano, anche se non ancora registrati, nonch\u00e9 la loro comunicazione in forma intelligibile. L\u2019interessato ha diritto di ottenere l\u2019indicazione:<\/p>\n<p>\u2013 dell\u2019origine dei dati personali (con particolar riguardo al caso in cui gli stessi non siano raccolti presso l\u2019interessato e, per il caso di trasferimento dei dati in un paese terzo, dell\u2019esistenza di garanzie adeguate ai sensi dell\u2019art. 46 del Regolamento);<\/p>\n<p>\u2013 delle finalit\u00e0 e modalit\u00e0 del trattamento;<\/p>\n<p>\u2013 della logica applicata in caso di trattamento effettuato con l\u2019ausilio di strumenti elettronici;<\/p>\n<p>\u2013 degli estremi identificativi del titolare, dei responsabili e del rappresentante designato;<\/p>\n<p>\u2013 dei soggetti o delle categorie di soggetti ai quali i dati personali possono essere comunicati o che possono venirne a conoscenza in\u00a0<span class=\"Apple-converted-space\">\u00a0\u00a0<\/span>qualit\u00e0 di rappresentante designato nel territorio dello Stato, di responsabili o soggetti autorizzati;<\/p>\n<p>\u2013 delle categorie di dati personali di cui si sta effettuando il trattamento;<\/p>\n<p>\u2013 del periodo di conservazione dei dati o dei criteri utilizzati per determinare tale periodo;<\/p>\n<p>\u2013 dell\u2019esistenza di processi decisionali automatizzati, con particolar riguardo alla profilazione, e della logica da essi applicata;<\/p>\n<p>\u2013 del diritto di ottenere copia dei dati personali oggetto di trattamento;<\/p>\n<p>L\u2019interessato ha, inoltre, il diritto di ottenere:<\/p>\n<p>\u2013 l\u2019aggiornamento, la rettificazione ovvero, quando vi ha interesse, l\u2019integrazione dei dati;<\/p>\n<p>\u2013 la cancellazione, la trasformazione in forma anonima o il blocco dei dati trattati in violazione di legge, compresi quelli di cui non \u00e8<\/p>\n<p>necessaria la conservazione in relazione agli scopi per i quali i dati sono stati raccolti o successivamente trattati;<\/p>\n<p>\u2013 l\u2019attestazione che le operazioni di cui alle lettere a) e b) sono state portate a conoscenza, anche per quanto riguarda il loro contenuto, di<\/p>\n<p>coloro ai quali i dati sono stati comunicati o diffusi, eccettuato il caso in cui tale adempimento si rivela impossibile o comporta un impiego di mezzi manifestamente sproporzionato rispetto al diritto tutelato;<\/p>\n<p>\u2013 la portabilit\u00e0 dei dati verso altri soggetti per il quale dovr\u00e0 farsi richiesta esplicita ai seguenti recapiti\u00a0+39 02-93.73.989 <a href=\"https:\/\/ertek.it\/contatti\/info@ertek.it\">info@ertek.it<\/a>\u00a0oggetto privacy;<\/p>\n<p>\u2013 la cancellazione dei dati presso i nostri archivi ai sensi dell\u2019art.17 pt. 1 lett. da a) sino a f) del Regolamento (cd. diritto all\u2019oblio), mediante comunicazione a\u00a0<span class=\"Apple-converted-space\"> <a href=\"https:\/\/ertek.it\/contatti\/info@ertek.it\">info@ertek.it<\/a><\/span>; oggetto privacy<\/p>\n<p>-di limitare il trattamento dei dati ai sensi dell\u2019art. 18 pt. 1, lett. da a) sino a d) del Regolamento<\/p>\n<p>L\u2019interessato ha diritto di opporsi, in tutto o in parte al trattamento dei dati:<\/p>\n<p>\u2013 per motivi legittimi e connessi alla sua situazione particolare, ancorch\u00e9 il trattamento sia pertinente allo scopo della raccolta;<\/p>\n<p>\u2013 al trattamento di dati personali che lo riguardano a fini di invio di materiale pubblicitario o di vendita diretta o per il compimento di ricerche di mercato o di comunicazione commerciale;<\/p>\n<p>\u2013 al trattamento dei dati ai sensi dell\u2019art. 6, pt.1 lettere e) ed f) compresa la profilazione sulla scorta di tali disposizioni.<\/p>\n<p>Qualora il trattamento dei dati si basi sul consenso dell\u2019interessato, quest\u2019ultimo ha il diritto di revocare tale consenso in ogni momento facendone richiesta esplicita ai seguenti recapiti<span class=\"Apple-converted-space\">\u00a0\u00a0<\/span>ovvero <a href=\"https:\/\/ertek.it\/contatti\/info@ertek.it\">info@ertek.it<\/a>, oggetto privacy.<\/p>\n<p>L\u2019interessato, inoltre, ha il diritto di proporre reclamo all\u2019Autorit\u00e0 di Controllo. L\u2019esercizio degli anzidetti diritti pu\u00f2 essere esercitato con richiesta rivolta al titolare o al responsabile trasmessa via telefono, a mezzo email agli indirizzi sopra indicati o anche mediante lettera raccomandata A\/R<\/p>\n","protected":false},"excerpt":{"rendered":"<p>Informativa Privacy ai sensi del D.lgs 196\/2003 e dell\u2019art. 13 del\u00a0\u00a0Reg.\u00a0\u00a0Europeo 679\/2016 (GDPR) Ertek Srl,\u00a0con sede in 20020 Lainate (MI) [&hellip;]<\/p>\n","protected":false},"author":1,"featured_media":0,"parent":0,"menu_order":0,"comment_status":"closed","ping_status":"closed","template":"","meta":{"_mi_skip_tracking":false,"_exactmetrics_sitenote_active":false,"_exactmetrics_sitenote_note":"","_exactmetrics_sitenote_category":0,"footnotes":""},"_links":{"self":[{"href":"https:\/\/ertek.it\/index.php?rest_route=\/wp\/v2\/pages\/56800"}],"collection":[{"href":"https:\/\/ertek.it\/index.php?rest_route=\/wp\/v2\/pages"}],"about":[{"href":"https:\/\/ertek.it\/index.php?rest_route=\/wp\/v2\/types\/page"}],"author":[{"embeddable":true,"href":"https:\/\/ertek.it\/index.php?rest_route=\/wp\/v2\/users\/1"}],"replies":[{"embeddable":true,"href":"https:\/\/ertek.it\/index.php?rest_route=%2Fwp%2Fv2%2Fcomments&post=56800"}],"version-history":[{"count":1,"href":"https:\/\/ertek.it\/index.php?rest_route=\/wp\/v2\/pages\/56800\/revisions"}],"predecessor-version":[{"id":56801,"href":"https:\/\/ertek.it\/index.php?rest_route=\/wp\/v2\/pages\/56800\/revisions\/56801"}],"wp:attachment":[{"href":"https:\/\/ertek.it\/index.php?rest_route=%2Fwp%2Fv2%2Fmedia&parent=56800"}],"curies":[{"name":"wp","href":"https:\/\/api.w.org\/{rel}","templated":true}]}}